{"id":110,"date":"2023-04-24T19:43:10","date_gmt":"2023-04-24T19:43:10","guid":{"rendered":"https:\/\/www.shop.grupohunan.com\/?post_type=product&#038;p=110"},"modified":"2024-01-02T16:38:59","modified_gmt":"2024-01-02T16:38:59","slug":"libro-assouline-the-table-is-set","status":"publish","type":"product","link":"https:\/\/www.shop.grupohunan.com\/es\/producto\/libro-assouline-the-table-is-set\/","title":{"rendered":"Libro \u201cThe Table Is Set\u201d"},"content":{"rendered":"<p>**Env\u00edos \u00fanicamente a Ciudad de M\u00e9xico.<\/p>\n<p>Nuestra gran historia merece ser compartida, nos hemos asociado con Assouline para conmemorar 30 a\u00f1os de buena comida y servicio.<\/p>\n<p>Desde nuestros humildes comienzos hasta convertirnos en una referencia gastron\u00f3mica, este libro le llevar\u00e1 a trav\u00e9s del apasionante viaje de nuestra historia. Descubrir\u00e1 las an\u00e9cdotas que se esconden tras nuestros platos emblem\u00e1ticos, conocer\u00e1 a los talentosos chefs que han dejado su huella en nuestras cocinas y comprender\u00e1 c\u00f3mo la pasi\u00f3n por la gastronom\u00eda nos ha impulsado a lo largo de los a\u00f1os.<\/p>\n<p>As\u00ed que prep\u00e1rese para sumergirse en este homenaje a nuestros 30 a\u00f1os de historia. Ser\u00e1 un viaje gastron\u00f3mico lleno de emociones y sabores. \u00a1No puedes perderte esta oportunidad de tener una pieza \u00fanica en tu colecci\u00f3n!<\/p>","protected":false},"excerpt":{"rendered":"<p>Libro\u00a0<em>The Table Is Set <\/em>por Assouline.<\/p>","protected":false},"featured_media":626,"comment_status":"open","ping_status":"closed","template":"","meta":{"_monsterinsights_skip_tracking":false,"_monsterinsights_sitenote_active":false,"_monsterinsights_sitenote_note":"","_monsterinsights_sitenote_category":0},"product_brand":[],"product_cat":[29],"product_tag":[],"class_list":{"0":"post-110","1":"product","2":"type-product","3":"status-publish","4":"has-post-thumbnail","6":"product_cat-libros","8":"first","9":"instock","10":"shipping-taxable","11":"purchasable","12":"product-type-simple"},"aioseo_notices":[],"_links":{"self":[{"href":"https:\/\/www.shop.grupohunan.com\/es\/wp-json\/wp\/v2\/product\/110","targetHints":{"allow":["GET"]}}],"collection":[{"href":"https:\/\/www.shop.grupohunan.com\/es\/wp-json\/wp\/v2\/product"}],"about":[{"href":"https:\/\/www.shop.grupohunan.com\/es\/wp-json\/wp\/v2\/types\/product"}],"replies":[{"embeddable":true,"href":"https:\/\/www.shop.grupohunan.com\/es\/wp-json\/wp\/v2\/comments?post=110"}],"wp:featuredmedia":[{"embeddable":true,"href":"https:\/\/www.shop.grupohunan.com\/es\/wp-json\/wp\/v2\/media\/626"}],"wp:attachment":[{"href":"https:\/\/www.shop.grupohunan.com\/es\/wp-json\/wp\/v2\/media?parent=110"}],"wp:term":[{"taxonomy":"product_brand","embeddable":true,"href":"https:\/\/www.shop.grupohunan.com\/es\/wp-json\/wp\/v2\/product_brand?post=110"},{"taxonomy":"product_cat","embeddable":true,"href":"https:\/\/www.shop.grupohunan.com\/es\/wp-json\/wp\/v2\/product_cat?post=110"},{"taxonomy":"product_tag","embeddable":true,"href":"https:\/\/www.shop.grupohunan.com\/es\/wp-json\/wp\/v2\/product_tag?post=110"}],"curies":[{"name":"wp","href":"https:\/\/api.w.org\/{rel}","templated":true}]}}