{"id":1094,"date":"2025-04-18T17:22:22","date_gmt":"2025-04-18T17:22:22","guid":{"rendered":"https:\/\/www.shop.grupohunan.com\/?post_type=product&#038;p=1094"},"modified":"2025-04-24T19:42:18","modified_gmt":"2025-04-24T19:42:18","slug":"oso-de-peluche","status":"publish","type":"product","link":"https:\/\/www.shop.grupohunan.com\/es\/producto\/oso-de-peluche\/","title":{"rendered":"Oso de Peluche &#8211; Edici\u00f3n Especial"},"content":{"rendered":"<p>Estos osos de peluche vestidos con nuestros uniformes representativos: Chef y Mesero. Un gui\u00f1o a la dedicaci\u00f3n y hospitalidad que se vive d\u00eda a d\u00eda en nuestros espacios. Ideales como recuerdo, regalo o parte de una colecci\u00f3n especial.<\/p>","protected":false},"excerpt":{"rendered":"<p>Estos osos de peluche vestidos con nuestros uniformes representativos: Chef y Mesero. Un gui\u00f1o a la dedicaci\u00f3n y hospitalidad que se vive d\u00eda a d\u00eda en nuestros espacios. Ideales como recuerdo, regalo o parte de una colecci\u00f3n especial.<\/p>","protected":false},"featured_media":1112,"comment_status":"open","ping_status":"closed","template":"","meta":{"_monsterinsights_skip_tracking":false,"_monsterinsights_sitenote_active":false,"_monsterinsights_sitenote_note":"","_monsterinsights_sitenote_category":0},"product_brand":[],"product_cat":[56],"product_tag":[],"class_list":{"0":"post-1094","1":"product","2":"type-product","3":"status-publish","4":"has-post-thumbnail","6":"product_cat-peluches","8":"first","9":"instock","10":"shipping-taxable","11":"purchasable","12":"product-type-variable"},"aioseo_notices":[],"_links":{"self":[{"href":"https:\/\/www.shop.grupohunan.com\/es\/wp-json\/wp\/v2\/product\/1094","targetHints":{"allow":["GET"]}}],"collection":[{"href":"https:\/\/www.shop.grupohunan.com\/es\/wp-json\/wp\/v2\/product"}],"about":[{"href":"https:\/\/www.shop.grupohunan.com\/es\/wp-json\/wp\/v2\/types\/product"}],"replies":[{"embeddable":true,"href":"https:\/\/www.shop.grupohunan.com\/es\/wp-json\/wp\/v2\/comments?post=1094"}],"wp:featuredmedia":[{"embeddable":true,"href":"https:\/\/www.shop.grupohunan.com\/es\/wp-json\/wp\/v2\/media\/1112"}],"wp:attachment":[{"href":"https:\/\/www.shop.grupohunan.com\/es\/wp-json\/wp\/v2\/media?parent=1094"}],"wp:term":[{"taxonomy":"product_brand","embeddable":true,"href":"https:\/\/www.shop.grupohunan.com\/es\/wp-json\/wp\/v2\/product_brand?post=1094"},{"taxonomy":"product_cat","embeddable":true,"href":"https:\/\/www.shop.grupohunan.com\/es\/wp-json\/wp\/v2\/product_cat?post=1094"},{"taxonomy":"product_tag","embeddable":true,"href":"https:\/\/www.shop.grupohunan.com\/es\/wp-json\/wp\/v2\/product_tag?post=1094"}],"curies":[{"name":"wp","href":"https:\/\/api.w.org\/{rel}","templated":true}]}}