{"id":846,"date":"2023-11-28T19:50:45","date_gmt":"2023-11-28T19:50:45","guid":{"rendered":"https:\/\/www.shop.grupohunan.com\/?page_id=846"},"modified":"2023-11-29T19:48:26","modified_gmt":"2023-11-29T19:48:26","slug":"newyears","status":"publish","type":"page","link":"https:\/\/www.shop.grupohunan.com\/es\/newyears\/","title":{"rendered":"A\u00f1o Nuevo"},"content":{"rendered":"<div data-elementor-type=\"wp-page\" data-elementor-id=\"846\" class=\"elementor elementor-846\" data-elementor-post-type=\"page\">\n\t\t\t\t<div class=\"elementor-element elementor-element-bae603d e-con-full e-flex e-con e-parent\" data-id=\"bae603d\" data-element_type=\"container\" data-e-type=\"container\" data-settings=\"{&quot;background_background&quot;:&quot;classic&quot;}\">\n\t\t<div class=\"elementor-element elementor-element-38a75a4 e-con-full e-flex e-con e-child\" data-id=\"38a75a4\" data-element_type=\"container\" data-e-type=\"container\" data-settings=\"{&quot;background_background&quot;:&quot;classic&quot;}\">\n\t\t\t\t<div class=\"elementor-element elementor-element-a5494b8 elementor-invisible elementor-widget elementor-widget-image\" data-id=\"a5494b8\" data-element_type=\"widget\" data-e-type=\"widget\" data-settings=\"{&quot;_animation&quot;:&quot;fadeIn&quot;,&quot;_animation_delay&quot;:1000}\" data-widget_type=\"image.default\">\n\t\t\t\t<div class=\"elementor-widget-container\">\n\t\t\t\t\t\t\t\t\t\t\t\t\t\t\t<img fetchpriority=\"high\" decoding=\"async\" width=\"472\" height=\"491\" src=\"https:\/\/www.shop.grupohunan.com\/wp-content\/uploads\/2023\/11\/Group.png\" class=\"attachment-large size-large wp-image-850\" alt=\"\" srcset=\"https:\/\/www.shop.grupohunan.com\/wp-content\/uploads\/2023\/11\/Group.png 472w, https:\/\/www.shop.grupohunan.com\/wp-content\/uploads\/2023\/11\/Group-288x300.png 288w, https:\/\/www.shop.grupohunan.com\/wp-content\/uploads\/2023\/11\/Group-12x12.png 12w, https:\/\/www.shop.grupohunan.com\/wp-content\/uploads\/2023\/11\/Group-416x433.png 416w\" sizes=\"(max-width: 472px) 100vw, 472px\" \/>\t\t\t\t\t\t\t\t\t\t\t\t\t\t\t<\/div>\n\t\t\t\t<\/div>\n\t\t\t\t<div class=\"elementor-element elementor-element-26957f0 elementor-invisible elementor-widget elementor-widget-image\" data-id=\"26957f0\" data-element_type=\"widget\" data-e-type=\"widget\" data-settings=\"{&quot;_animation&quot;:&quot;fadeIn&quot;,&quot;_animation_delay&quot;:1500}\" data-widget_type=\"image.default\">\n\t\t\t\t<div class=\"elementor-widget-container\">\n\t\t\t\t\t\t\t\t\t\t\t\t\t\t\t<img decoding=\"async\" width=\"980\" height=\"176\" src=\"https:\/\/www.shop.grupohunan.com\/wp-content\/uploads\/2023\/11\/image-1-1024x184.png\" class=\"attachment-large size-large wp-image-855\" alt=\"\" srcset=\"https:\/\/www.shop.grupohunan.com\/wp-content\/uploads\/2023\/11\/image-1-1024x184.png 1024w, https:\/\/www.shop.grupohunan.com\/wp-content\/uploads\/2023\/11\/image-1-300x54.png 300w, https:\/\/www.shop.grupohunan.com\/wp-content\/uploads\/2023\/11\/image-1-768x138.png 768w, https:\/\/www.shop.grupohunan.com\/wp-content\/uploads\/2023\/11\/image-1-18x3.png 18w, https:\/\/www.shop.grupohunan.com\/wp-content\/uploads\/2023\/11\/image-1-416x75.png 416w, https:\/\/www.shop.grupohunan.com\/wp-content\/uploads\/2023\/11\/image-1.png 1528w\" sizes=\"(max-width: 980px) 100vw, 980px\" \/>\t\t\t\t\t\t\t\t\t\t\t\t\t\t\t<\/div>\n\t\t\t\t<\/div>\n\t\t\t\t<div class=\"elementor-element elementor-element-1cde9ba elementor-align-center elementor-widget elementor-widget-button\" data-id=\"1cde9ba\" data-element_type=\"widget\" data-e-type=\"widget\" data-widget_type=\"button.default\">\n\t\t\t\t<div class=\"elementor-widget-container\">\n\t\t\t\t\t\t\t\t\t<div class=\"elementor-button-wrapper\">\n\t\t\t\t\t<a class=\"elementor-button elementor-button-link elementor-size-sm\" href=\"https:\/\/wa.me\/5575009624?text=%C2%A1Hola!%20Estoy%20interesado%20en%20realizar%20una%20reserva%20para%20un%20evento\">\n\t\t\t\t\t\t<span class=\"elementor-button-content-wrapper\">\n\t\t\t\t\t\t\t\t\t<span class=\"elementor-button-text\">RSVP \u2014 55 7500 9624<\/span>\n\t\t\t\t\t<\/span>\n\t\t\t\t\t<\/a>\n\t\t\t\t<\/div>\n\t\t\t\t\t\t\t\t<\/div>\n\t\t\t\t<\/div>\n\t\t\t\t<\/div>\n\t\t\t\t<\/div>\n\t\t<div class=\"elementor-element elementor-element-4e7ba8a e-con-full e-flex e-con e-parent\" data-id=\"4e7ba8a\" data-element_type=\"container\" data-e-type=\"container\" data-settings=\"{&quot;background_background&quot;:&quot;classic&quot;}\">\n\t\t<div class=\"elementor-element elementor-element-02b9dc1 e-con-full e-flex elementor-invisible e-con e-child\" data-id=\"02b9dc1\" data-element_type=\"container\" data-e-type=\"container\" data-settings=\"{&quot;animation&quot;:&quot;fadeIn&quot;,&quot;animation_delay&quot;:1000}\">\n\t\t\t\t<div class=\"elementor-element elementor-element-140772c elementor-widget elementor-widget-image\" data-id=\"140772c\" data-element_type=\"widget\" data-e-type=\"widget\" data-widget_type=\"image.default\">\n\t\t\t\t<div class=\"elementor-widget-container\">\n\t\t\t\t\t\t\t\t\t\t\t\t\t\t\t<img decoding=\"async\" width=\"514\" height=\"237\" src=\"https:\/\/www.shop.grupohunan.com\/wp-content\/uploads\/2023\/11\/Frame-5.png\" class=\"attachment-large size-large wp-image-924\" alt=\"\" srcset=\"https:\/\/www.shop.grupohunan.com\/wp-content\/uploads\/2023\/11\/Frame-5.png 514w, https:\/\/www.shop.grupohunan.com\/wp-content\/uploads\/2023\/11\/Frame-5-300x138.png 300w, https:\/\/www.shop.grupohunan.com\/wp-content\/uploads\/2023\/11\/Frame-5-18x8.png 18w, https:\/\/www.shop.grupohunan.com\/wp-content\/uploads\/2023\/11\/Frame-5-416x192.png 416w\" sizes=\"(max-width: 514px) 100vw, 514px\" \/>\t\t\t\t\t\t\t\t\t\t\t\t\t\t\t<\/div>\n\t\t\t\t<\/div>\n\t\t\t\t<div class=\"elementor-element elementor-element-1782483 elementor-widget elementor-widget-text-editor\" data-id=\"1782483\" data-element_type=\"widget\" data-e-type=\"widget\" data-widget_type=\"text-editor.default\">\n\t\t\t\t<div class=\"elementor-widget-container\">\n\t\t\t\t\t\t\t\t\t<p>POLANCO\u00a0<span style=\"color: var( --e-global-color-text ); font-family: var( --e-global-typography-text-font-family ), Sans-serif; font-weight: var( --e-global-typography-text-font-weight );\">\u2022 ARTZ PEDREGAL<\/span><\/p>\t\t\t\t\t\t\t\t<\/div>\n\t\t\t\t<\/div>\n\t\t\t\t<div class=\"elementor-element elementor-element-81a3a70 elementor-align-center elementor-widget elementor-widget-button\" data-id=\"81a3a70\" data-element_type=\"widget\" data-e-type=\"widget\" data-widget_type=\"button.default\">\n\t\t\t\t<div class=\"elementor-widget-container\">\n\t\t\t\t\t\t\t\t\t<div class=\"elementor-button-wrapper\">\n\t\t\t\t\t<a class=\"elementor-button elementor-button-link elementor-size-sm\" href=\"#elementor-action%3Aaction%3Dpopup%3Aopen%26settings%3DeyJpZCI6Ijk3MyIsInRvZ2dsZSI6ZmFsc2V9\">\n\t\t\t\t\t\t<span class=\"elementor-button-content-wrapper\">\n\t\t\t\t\t\t\t\t\t<span class=\"elementor-button-text\">M\u00e1s informaci\u00f3n<\/span>\n\t\t\t\t\t<\/span>\n\t\t\t\t\t<\/a>\n\t\t\t\t<\/div>\n\t\t\t\t\t\t\t\t<\/div>\n\t\t\t\t<\/div>\n\t\t\t\t<\/div>\n\t\t<div class=\"elementor-element elementor-element-dc0d214 e-con-full e-flex elementor-invisible e-con e-child\" data-id=\"dc0d214\" data-element_type=\"container\" data-e-type=\"container\" data-settings=\"{&quot;animation&quot;:&quot;fadeIn&quot;,&quot;animation_delay&quot;:1500}\">\n\t\t\t\t<div class=\"elementor-element elementor-element-fdf1eaa elementor-widget elementor-widget-image\" data-id=\"fdf1eaa\" data-element_type=\"widget\" data-e-type=\"widget\" data-widget_type=\"image.default\">\n\t\t\t\t<div class=\"elementor-widget-container\">\n\t\t\t\t\t\t\t\t\t\t\t\t\t\t\t<img loading=\"lazy\" decoding=\"async\" width=\"441\" height=\"237\" src=\"https:\/\/www.shop.grupohunan.com\/wp-content\/uploads\/2023\/11\/Frame-4.png\" class=\"attachment-large size-large wp-image-923\" alt=\"\" srcset=\"https:\/\/www.shop.grupohunan.com\/wp-content\/uploads\/2023\/11\/Frame-4.png 441w, https:\/\/www.shop.grupohunan.com\/wp-content\/uploads\/2023\/11\/Frame-4-300x161.png 300w, https:\/\/www.shop.grupohunan.com\/wp-content\/uploads\/2023\/11\/Frame-4-18x10.png 18w, https:\/\/www.shop.grupohunan.com\/wp-content\/uploads\/2023\/11\/Frame-4-416x224.png 416w\" sizes=\"(max-width: 441px) 100vw, 441px\" \/>\t\t\t\t\t\t\t\t\t\t\t\t\t\t\t<\/div>\n\t\t\t\t<\/div>\n\t\t\t\t<div class=\"elementor-element elementor-element-7574034 elementor-widget elementor-widget-text-editor\" data-id=\"7574034\" data-element_type=\"widget\" data-e-type=\"widget\" data-widget_type=\"text-editor.default\">\n\t\t\t\t<div class=\"elementor-widget-container\">\n\t\t\t\t\t\t\t\t\t<p>REFORMA \u2022 SAN \u00c1NGEL \u2022 ARTZ PEDREGAL \u2022 SAT\u00c9LITE<\/p>\t\t\t\t\t\t\t\t<\/div>\n\t\t\t\t<\/div>\n\t\t\t\t<div class=\"elementor-element elementor-element-06400fe elementor-align-center elementor-widget elementor-widget-button\" data-id=\"06400fe\" data-element_type=\"widget\" data-e-type=\"widget\" data-widget_type=\"button.default\">\n\t\t\t\t<div class=\"elementor-widget-container\">\n\t\t\t\t\t\t\t\t\t<div class=\"elementor-button-wrapper\">\n\t\t\t\t\t<a class=\"elementor-button elementor-button-link elementor-size-sm\" href=\"#elementor-action%3Aaction%3Dpopup%3Aopen%26settings%3DeyJpZCI6Ijk1NyIsInRvZ2dsZSI6ZmFsc2V9\">\n\t\t\t\t\t\t<span class=\"elementor-button-content-wrapper\">\n\t\t\t\t\t\t\t\t\t<span class=\"elementor-button-text\">M\u00e1s informaci\u00f3n<\/span>\n\t\t\t\t\t<\/span>\n\t\t\t\t\t<\/a>\n\t\t\t\t<\/div>\n\t\t\t\t\t\t\t\t<\/div>\n\t\t\t\t<\/div>\n\t\t\t\t<\/div>\n\t\t<div class=\"elementor-element elementor-element-949e213 e-con-full e-flex elementor-invisible e-con e-child\" data-id=\"949e213\" data-element_type=\"container\" data-e-type=\"container\" data-settings=\"{&quot;animation&quot;:&quot;fadeIn&quot;,&quot;animation_delay&quot;:2000}\">\n\t\t\t\t<div class=\"elementor-element elementor-element-3973c34 elementor-widget elementor-widget-image\" data-id=\"3973c34\" data-element_type=\"widget\" data-e-type=\"widget\" data-widget_type=\"image.default\">\n\t\t\t\t<div class=\"elementor-widget-container\">\n\t\t\t\t\t\t\t\t\t\t\t\t\t\t\t<img loading=\"lazy\" decoding=\"async\" width=\"441\" height=\"237\" src=\"https:\/\/www.shop.grupohunan.com\/wp-content\/uploads\/2023\/11\/Frame-6.png\" class=\"attachment-large size-large wp-image-925\" alt=\"\" srcset=\"https:\/\/www.shop.grupohunan.com\/wp-content\/uploads\/2023\/11\/Frame-6.png 441w, https:\/\/www.shop.grupohunan.com\/wp-content\/uploads\/2023\/11\/Frame-6-300x161.png 300w, https:\/\/www.shop.grupohunan.com\/wp-content\/uploads\/2023\/11\/Frame-6-18x10.png 18w, https:\/\/www.shop.grupohunan.com\/wp-content\/uploads\/2023\/11\/Frame-6-416x224.png 416w\" sizes=\"(max-width: 441px) 100vw, 441px\" \/>\t\t\t\t\t\t\t\t\t\t\t\t\t\t\t<\/div>\n\t\t\t\t<\/div>\n\t\t\t\t<div class=\"elementor-element elementor-element-b729003 elementor-widget elementor-widget-text-editor\" data-id=\"b729003\" data-element_type=\"widget\" data-e-type=\"widget\" data-widget_type=\"text-editor.default\">\n\t\t\t\t<div class=\"elementor-widget-container\">\n\t\t\t\t\t\t\t\t\t<p>MIDTOWN JALISCO<\/p>\t\t\t\t\t\t\t\t<\/div>\n\t\t\t\t<\/div>\n\t\t\t\t<div class=\"elementor-element elementor-element-d24b3c2 elementor-align-center elementor-widget elementor-widget-button\" data-id=\"d24b3c2\" data-element_type=\"widget\" data-e-type=\"widget\" data-widget_type=\"button.default\">\n\t\t\t\t<div class=\"elementor-widget-container\">\n\t\t\t\t\t\t\t\t\t<div class=\"elementor-button-wrapper\">\n\t\t\t\t\t<a class=\"elementor-button elementor-button-link elementor-size-sm\" href=\"#elementor-action%3Aaction%3Dpopup%3Aopen%26settings%3DeyJpZCI6Ijk4MyIsInRvZ2dsZSI6ZmFsc2V9\">\n\t\t\t\t\t\t<span class=\"elementor-button-content-wrapper\">\n\t\t\t\t\t\t\t\t\t<span class=\"elementor-button-text\">M\u00e1s informaci\u00f3n<\/span>\n\t\t\t\t\t<\/span>\n\t\t\t\t\t<\/a>\n\t\t\t\t<\/div>\n\t\t\t\t\t\t\t\t<\/div>\n\t\t\t\t<\/div>\n\t\t\t\t<\/div>\n\t\t\t\t<\/div>\n\t\t<div class=\"elementor-element elementor-element-18021bd e-con-full e-flex e-con e-parent\" data-id=\"18021bd\" data-element_type=\"container\" data-e-type=\"container\" data-settings=\"{&quot;background_background&quot;:&quot;classic&quot;}\">\n\t\t<div class=\"elementor-element elementor-element-f0d77ae e-con-full e-flex elementor-invisible e-con e-child\" data-id=\"f0d77ae\" data-element_type=\"container\" data-e-type=\"container\" data-settings=\"{&quot;animation&quot;:&quot;fadeIn&quot;,&quot;animation_delay&quot;:2500}\">\n\t\t\t\t<div class=\"elementor-element elementor-element-ec60120 elementor-widget elementor-widget-image\" data-id=\"ec60120\" data-element_type=\"widget\" data-e-type=\"widget\" data-widget_type=\"image.default\">\n\t\t\t\t<div class=\"elementor-widget-container\">\n\t\t\t\t\t\t\t\t\t\t\t\t\t\t\t<img loading=\"lazy\" decoding=\"async\" width=\"653\" height=\"237\" src=\"https:\/\/www.shop.grupohunan.com\/wp-content\/uploads\/2023\/11\/Frame-7.png\" class=\"attachment-large size-large wp-image-926\" alt=\"\" srcset=\"https:\/\/www.shop.grupohunan.com\/wp-content\/uploads\/2023\/11\/Frame-7.png 653w, https:\/\/www.shop.grupohunan.com\/wp-content\/uploads\/2023\/11\/Frame-7-300x109.png 300w, https:\/\/www.shop.grupohunan.com\/wp-content\/uploads\/2023\/11\/Frame-7-18x7.png 18w, https:\/\/www.shop.grupohunan.com\/wp-content\/uploads\/2023\/11\/Frame-7-416x151.png 416w\" sizes=\"(max-width: 653px) 100vw, 653px\" \/>\t\t\t\t\t\t\t\t\t\t\t\t\t\t\t<\/div>\n\t\t\t\t<\/div>\n\t\t\t\t<div class=\"elementor-element elementor-element-b7d4855 elementor-widget elementor-widget-text-editor\" data-id=\"b7d4855\" data-element_type=\"widget\" data-e-type=\"widget\" data-widget_type=\"text-editor.default\">\n\t\t\t\t<div class=\"elementor-widget-container\">\n\t\t\t\t\t\t\t\t\t<p>ROMA NORTE<\/p>\t\t\t\t\t\t\t\t<\/div>\n\t\t\t\t<\/div>\n\t\t\t\t<div class=\"elementor-element elementor-element-5e9c3c9 elementor-align-center elementor-widget elementor-widget-button\" data-id=\"5e9c3c9\" data-element_type=\"widget\" data-e-type=\"widget\" data-widget_type=\"button.default\">\n\t\t\t\t<div class=\"elementor-widget-container\">\n\t\t\t\t\t\t\t\t\t<div class=\"elementor-button-wrapper\">\n\t\t\t\t\t<a class=\"elementor-button elementor-button-link elementor-size-sm\" href=\"#elementor-action%3Aaction%3Dpopup%3Aopen%26settings%3DeyJpZCI6Ijk4MiIsInRvZ2dsZSI6ZmFsc2V9\">\n\t\t\t\t\t\t<span class=\"elementor-button-content-wrapper\">\n\t\t\t\t\t\t\t\t\t<span class=\"elementor-button-text\">M\u00e1s informaci\u00f3n<\/span>\n\t\t\t\t\t<\/span>\n\t\t\t\t\t<\/a>\n\t\t\t\t<\/div>\n\t\t\t\t\t\t\t\t<\/div>\n\t\t\t\t<\/div>\n\t\t\t\t<\/div>\n\t\t<div class=\"elementor-element elementor-element-19016b5 e-con-full e-flex elementor-invisible e-con e-child\" data-id=\"19016b5\" data-element_type=\"container\" data-e-type=\"container\" data-settings=\"{&quot;animation&quot;:&quot;fadeIn&quot;,&quot;animation_delay&quot;:3000}\">\n\t\t\t\t<div class=\"elementor-element elementor-element-7a0410c elementor-widget elementor-widget-image\" data-id=\"7a0410c\" data-element_type=\"widget\" data-e-type=\"widget\" data-widget_type=\"image.default\">\n\t\t\t\t<div class=\"elementor-widget-container\">\n\t\t\t\t\t\t\t\t\t\t\t\t\t\t\t<img loading=\"lazy\" decoding=\"async\" width=\"653\" height=\"237\" src=\"https:\/\/www.shop.grupohunan.com\/wp-content\/uploads\/2023\/11\/Frame-8.png\" class=\"attachment-large size-large wp-image-927\" alt=\"\" srcset=\"https:\/\/www.shop.grupohunan.com\/wp-content\/uploads\/2023\/11\/Frame-8.png 653w, https:\/\/www.shop.grupohunan.com\/wp-content\/uploads\/2023\/11\/Frame-8-300x109.png 300w, https:\/\/www.shop.grupohunan.com\/wp-content\/uploads\/2023\/11\/Frame-8-18x7.png 18w, https:\/\/www.shop.grupohunan.com\/wp-content\/uploads\/2023\/11\/Frame-8-416x151.png 416w\" sizes=\"(max-width: 653px) 100vw, 653px\" \/>\t\t\t\t\t\t\t\t\t\t\t\t\t\t\t<\/div>\n\t\t\t\t<\/div>\n\t\t\t\t<div class=\"elementor-element elementor-element-e56b8b0 elementor-widget elementor-widget-text-editor\" data-id=\"e56b8b0\" data-element_type=\"widget\" data-e-type=\"widget\" data-widget_type=\"text-editor.default\">\n\t\t\t\t<div class=\"elementor-widget-container\">\n\t\t\t\t\t\t\t\t\t<p>SAT\u00c9LITE<\/p>\t\t\t\t\t\t\t\t<\/div>\n\t\t\t\t<\/div>\n\t\t\t\t<div class=\"elementor-element elementor-element-a945a89 elementor-align-center elementor-widget elementor-widget-button\" data-id=\"a945a89\" data-element_type=\"widget\" data-e-type=\"widget\" data-widget_type=\"button.default\">\n\t\t\t\t<div class=\"elementor-widget-container\">\n\t\t\t\t\t\t\t\t\t<div class=\"elementor-button-wrapper\">\n\t\t\t\t\t<a class=\"elementor-button elementor-button-link elementor-size-sm\" href=\"#elementor-action%3Aaction%3Dpopup%3Aopen%26settings%3DeyJpZCI6Ijk2NyIsInRvZ2dsZSI6ZmFsc2V9\">\n\t\t\t\t\t\t<span class=\"elementor-button-content-wrapper\">\n\t\t\t\t\t\t\t\t\t<span class=\"elementor-button-text\">M\u00e1s informaci\u00f3n<\/span>\n\t\t\t\t\t<\/span>\n\t\t\t\t\t<\/a>\n\t\t\t\t<\/div>\n\t\t\t\t\t\t\t\t<\/div>\n\t\t\t\t<\/div>\n\t\t\t\t<\/div>\n\t\t<div class=\"elementor-element elementor-element-1e81de5 e-con-full e-flex elementor-invisible e-con e-child\" data-id=\"1e81de5\" data-element_type=\"container\" data-e-type=\"container\" data-settings=\"{&quot;animation&quot;:&quot;fadeIn&quot;,&quot;animation_delay&quot;:3500}\">\n\t\t\t\t<div class=\"elementor-element elementor-element-b85e66e elementor-widget elementor-widget-image\" data-id=\"b85e66e\" data-element_type=\"widget\" data-e-type=\"widget\" data-widget_type=\"image.default\">\n\t\t\t\t<div class=\"elementor-widget-container\">\n\t\t\t\t\t\t\t\t\t\t\t\t\t\t\t<img loading=\"lazy\" decoding=\"async\" width=\"346\" height=\"237\" src=\"https:\/\/www.shop.grupohunan.com\/wp-content\/uploads\/2023\/11\/Frame-9.png\" class=\"attachment-large size-large wp-image-928\" alt=\"\" srcset=\"https:\/\/www.shop.grupohunan.com\/wp-content\/uploads\/2023\/11\/Frame-9.png 346w, https:\/\/www.shop.grupohunan.com\/wp-content\/uploads\/2023\/11\/Frame-9-300x205.png 300w, https:\/\/www.shop.grupohunan.com\/wp-content\/uploads\/2023\/11\/Frame-9-18x12.png 18w\" sizes=\"(max-width: 346px) 100vw, 346px\" \/>\t\t\t\t\t\t\t\t\t\t\t\t\t\t\t<\/div>\n\t\t\t\t<\/div>\n\t\t\t\t<div class=\"elementor-element elementor-element-56d609e elementor-widget elementor-widget-text-editor\" data-id=\"56d609e\" data-element_type=\"widget\" data-e-type=\"widget\" data-widget_type=\"text-editor.default\">\n\t\t\t\t<div class=\"elementor-widget-container\">\n\t\t\t\t\t\t\t\t\t<p>POLANCO \u2022 ARCOS BOSQUES<\/p>\t\t\t\t\t\t\t\t<\/div>\n\t\t\t\t<\/div>\n\t\t\t\t<div class=\"elementor-element elementor-element-523a1d8 elementor-align-center elementor-widget elementor-widget-button\" data-id=\"523a1d8\" data-element_type=\"widget\" data-e-type=\"widget\" data-widget_type=\"button.default\">\n\t\t\t\t<div class=\"elementor-widget-container\">\n\t\t\t\t\t\t\t\t\t<div class=\"elementor-button-wrapper\">\n\t\t\t\t\t<a class=\"elementor-button elementor-button-link elementor-size-sm\" href=\"#elementor-action%3Aaction%3Dpopup%3Aopen%26settings%3DeyJpZCI6Ijk3NSIsInRvZ2dsZSI6ZmFsc2V9\">\n\t\t\t\t\t\t<span class=\"elementor-button-content-wrapper\">\n\t\t\t\t\t\t\t\t\t<span class=\"elementor-button-text\">M\u00e1s informaci\u00f3n<\/span>\n\t\t\t\t\t<\/span>\n\t\t\t\t\t<\/a>\n\t\t\t\t<\/div>\n\t\t\t\t\t\t\t\t<\/div>\n\t\t\t\t<\/div>\n\t\t\t\t<\/div>\n\t\t\t\t<\/div>\n\t\t<div class=\"elementor-element elementor-element-c0b6282 e-con-full e-flex e-con e-parent\" data-id=\"c0b6282\" data-element_type=\"container\" data-e-type=\"container\" data-settings=\"{&quot;background_background&quot;:&quot;classic&quot;}\">\n\t\t\t\t<div class=\"elementor-element elementor-element-7756106 elementor-invisible elementor-widget elementor-widget-image\" data-id=\"7756106\" data-element_type=\"widget\" data-e-type=\"widget\" data-settings=\"{&quot;_animation&quot;:&quot;fadeIn&quot;,&quot;_animation_delay&quot;:1000}\" data-widget_type=\"image.default\">\n\t\t\t\t<div class=\"elementor-widget-container\">\n\t\t\t\t\t\t\t\t\t\t\t\t\t\t\t<img loading=\"lazy\" decoding=\"async\" width=\"320\" height=\"301\" src=\"https:\/\/www.shop.grupohunan.com\/wp-content\/uploads\/2023\/11\/Group-2-1.png\" class=\"attachment-large size-large wp-image-996\" alt=\"\" srcset=\"https:\/\/www.shop.grupohunan.com\/wp-content\/uploads\/2023\/11\/Group-2-1.png 320w, https:\/\/www.shop.grupohunan.com\/wp-content\/uploads\/2023\/11\/Group-2-1-300x282.png 300w, https:\/\/www.shop.grupohunan.com\/wp-content\/uploads\/2023\/11\/Group-2-1-13x12.png 13w\" sizes=\"(max-width: 320px) 100vw, 320px\" \/>\t\t\t\t\t\t\t\t\t\t\t\t\t\t\t<\/div>\n\t\t\t\t<\/div>\n\t\t\t\t<div class=\"elementor-element elementor-element-5cdca67 elementor-invisible elementor-widget elementor-widget-image\" data-id=\"5cdca67\" data-element_type=\"widget\" data-e-type=\"widget\" data-settings=\"{&quot;_animation&quot;:&quot;fadeIn&quot;,&quot;_animation_delay&quot;:1000}\" data-widget_type=\"image.default\">\n\t\t\t\t<div class=\"elementor-widget-container\">\n\t\t\t\t\t\t\t\t\t\t\t\t\t\t\t<img loading=\"lazy\" decoding=\"async\" width=\"980\" height=\"98\" src=\"https:\/\/www.shop.grupohunan.com\/wp-content\/uploads\/2023\/11\/Capa_1-2-1024x102.png\" class=\"attachment-large size-large wp-image-997\" alt=\"\" srcset=\"https:\/\/www.shop.grupohunan.com\/wp-content\/uploads\/2023\/11\/Capa_1-2-1024x102.png 1024w, https:\/\/www.shop.grupohunan.com\/wp-content\/uploads\/2023\/11\/Capa_1-2-300x30.png 300w, https:\/\/www.shop.grupohunan.com\/wp-content\/uploads\/2023\/11\/Capa_1-2-768x77.png 768w, https:\/\/www.shop.grupohunan.com\/wp-content\/uploads\/2023\/11\/Capa_1-2-18x2.png 18w, https:\/\/www.shop.grupohunan.com\/wp-content\/uploads\/2023\/11\/Capa_1-2-416x42.png 416w, https:\/\/www.shop.grupohunan.com\/wp-content\/uploads\/2023\/11\/Capa_1-2.png 1322w\" sizes=\"(max-width: 980px) 100vw, 980px\" \/>\t\t\t\t\t\t\t\t\t\t\t\t\t\t\t<\/div>\n\t\t\t\t<\/div>\n\t\t\t\t<div class=\"elementor-element elementor-element-7c28272 elementor-align-center elementor-widget elementor-widget-button\" data-id=\"7c28272\" data-element_type=\"widget\" data-e-type=\"widget\" data-widget_type=\"button.default\">\n\t\t\t\t<div class=\"elementor-widget-container\">\n\t\t\t\t\t\t\t\t\t<div class=\"elementor-button-wrapper\">\n\t\t\t\t\t<a class=\"elementor-button elementor-button-link elementor-size-sm\" href=\"https:\/\/wa.me\/5575009624?text=%C2%A1Hola!%20Estoy%20interesado%20en%20realizar%20una%20reserva%20para%20un%20evento\">\n\t\t\t\t\t\t<span class=\"elementor-button-content-wrapper\">\n\t\t\t\t\t\t\t\t\t<span class=\"elementor-button-text\">RSVP \u2014 55 7500 9624<\/span>\n\t\t\t\t\t<\/span>\n\t\t\t\t\t<\/a>\n\t\t\t\t<\/div>\n\t\t\t\t\t\t\t\t<\/div>\n\t\t\t\t<\/div>\n\t\t\t\t<\/div>\n\t\t\t\t<\/div>","protected":false},"excerpt":{"rendered":"<p>RSVP \u2014 55 7500 9624 POLANCO\u00a0\u2022 ARTZ PEDREGAL M\u00e1s informaci\u00f3n REFORMA \u2022 SAN \u00c1NGEL \u2022 ARTZ PEDREGAL \u2022 SAT\u00c9LITE M\u00e1s informaci\u00f3n MIDTOWN JALISCO M\u00e1s informaci\u00f3n ROMA NORTE M\u00e1s informaci\u00f3n SAT\u00c9LITE M\u00e1s informaci\u00f3n POLANCO \u2022 ARCOS BOSQUES M\u00e1s informaci\u00f3n RSVP \u2014 55 7500 9624<\/p>","protected":false},"author":1,"featured_media":0,"parent":0,"menu_order":0,"comment_status":"closed","ping_status":"closed","template":"elementor_canvas","meta":{"_monsterinsights_skip_tracking":false,"_monsterinsights_sitenote_active":false,"_monsterinsights_sitenote_note":"","_monsterinsights_sitenote_category":0,"footnotes":""},"class_list":["post-846","page","type-page","status-publish","hentry"],"aioseo_notices":[],"_links":{"self":[{"href":"https:\/\/www.shop.grupohunan.com\/es\/wp-json\/wp\/v2\/pages\/846","targetHints":{"allow":["GET"]}}],"collection":[{"href":"https:\/\/www.shop.grupohunan.com\/es\/wp-json\/wp\/v2\/pages"}],"about":[{"href":"https:\/\/www.shop.grupohunan.com\/es\/wp-json\/wp\/v2\/types\/page"}],"author":[{"embeddable":true,"href":"https:\/\/www.shop.grupohunan.com\/es\/wp-json\/wp\/v2\/users\/1"}],"replies":[{"embeddable":true,"href":"https:\/\/www.shop.grupohunan.com\/es\/wp-json\/wp\/v2\/comments?post=846"}],"version-history":[{"count":77,"href":"https:\/\/www.shop.grupohunan.com\/es\/wp-json\/wp\/v2\/pages\/846\/revisions"}],"predecessor-version":[{"id":1012,"href":"https:\/\/www.shop.grupohunan.com\/es\/wp-json\/wp\/v2\/pages\/846\/revisions\/1012"}],"wp:attachment":[{"href":"https:\/\/www.shop.grupohunan.com\/es\/wp-json\/wp\/v2\/media?parent=846"}],"curies":[{"name":"wp","href":"https:\/\/api.w.org\/{rel}","templated":true}]}}