{"id":3,"date":"2023-03-17T18:49:25","date_gmt":"2023-03-17T18:49:25","guid":{"rendered":"https:\/\/www.shop.grupohunan.com\/?page_id=3"},"modified":"2023-05-31T20:58:41","modified_gmt":"2023-05-31T20:58:41","slug":"politica-privacidad","status":"publish","type":"page","link":"https:\/\/www.shop.grupohunan.com\/es\/politica-privacidad\/","title":{"rendered":"Pol\u00edtica de privacidad"},"content":{"rendered":"<div data-elementor-type=\"wp-page\" data-elementor-id=\"3\" class=\"elementor elementor-3\" data-elementor-post-type=\"page\">\n\t\t\t\t<div class=\"elementor-element elementor-element-f42d4d0 e-flex e-con-boxed e-con e-parent\" data-id=\"f42d4d0\" data-element_type=\"container\" data-e-type=\"container\">\n\t\t\t\t\t<div class=\"e-con-inner\">\n\t\t\t\t<div class=\"elementor-element elementor-element-5d90def elementor-widget elementor-widget-spacer\" data-id=\"5d90def\" data-element_type=\"widget\" data-e-type=\"widget\" data-widget_type=\"spacer.default\">\n\t\t\t\t<div class=\"elementor-widget-container\">\n\t\t\t\t\t\t\t<div class=\"elementor-spacer\">\n\t\t\t<div class=\"elementor-spacer-inner\"><\/div>\n\t\t<\/div>\n\t\t\t\t\t\t<\/div>\n\t\t\t\t<\/div>\n\t\t\t\t<div class=\"elementor-element elementor-element-cf14d2d elementor-widget elementor-widget-heading\" data-id=\"cf14d2d\" data-element_type=\"widget\" data-e-type=\"widget\" data-widget_type=\"heading.default\">\n\t\t\t\t<div class=\"elementor-widget-container\">\n\t\t\t\t\t<h2 class=\"elementor-heading-title elementor-size-default\">Pol\u00edtica de Privacidad<\/h2>\t\t\t\t<\/div>\n\t\t\t\t<\/div>\n\t\t\t\t<div class=\"elementor-element elementor-element-d07c7ba elementor-widget elementor-widget-text-editor\" data-id=\"d07c7ba\" data-element_type=\"widget\" data-e-type=\"widget\" data-widget_type=\"text-editor.default\">\n\t\t\t\t<div class=\"elementor-widget-container\">\n\t\t\t\t\t\t\t\t\t<p>De conformidad con lo establecido en la vigente Ley Federal de Protecci\u00f3n de Datos Personales en Posesi\u00f3n de los Particulares (LFPDPPP) y los lineamientos establecidos en el art\u00edculo 16 de la misma, GH Operaci\u00f3n de restaurantes, con domicilio en Pedro Luis Ogaz\u00f3n 102, col. \u00c1lvaro Obreg\u00f3n C.P. 1020, pone a su disposici\u00f3n el presente aviso de privacidad en el que garantiza a sus clientes el uso adecuado y limitado de la informaci\u00f3n personal que es intercambiada entre usted como titular de los datos y nosotros.<\/p><p>La informaci\u00f3n que recabamos se utiliza exclusivamente para las finalidades de servicio que corresponden a una empresa de restauraci\u00f3n, ya sean reservas, contrataci\u00f3n de banquetes, facturaci\u00f3n, solicitudes de empleo, invitaciones a eventos especiales y con el fin de mejorar la calidad de nuestros servicios. Los datos que podr\u00e1n ser solicitados para las finalidades anteriores incluyen el nombre y apellidos del titular, su domicilio, su tel\u00e9fono m\u00f3vil o particular y su direcci\u00f3n de correo electr\u00f3nico, y son recabados por v\u00eda telef\u00f3nica, electr\u00f3nica o escrita. Las \u00e1reas responsables de su tratamiento son las de reservas y administraci\u00f3n. El personal que recaba estos datos es informado de las presentes disposiciones legales e instruido para vigilar y salvaguardar el correcto uso de los mismos. Grupo Hunan implementa las medidas de seguridad necesarias para evitar la p\u00e9rdida, alteraci\u00f3n, divulgaci\u00f3n o mal uso de los datos.<\/p><p>El titular de los datos est\u00e1 plenamente facultado para ejercer sus derechos de acceso, rectificaci\u00f3n, cancelaci\u00f3n u oposici\u00f3n (derechos ARCO), en caso de revocar su consentimiento o de que exista la posibilidad de que hayan sido utilizados indebidamente, seg\u00fan lo expresa el cap\u00edtulo III de la ley. En caso de que desee revocar su consentimiento para el tratamiento de sus datos, deber\u00e1 presentar un escrito que contenga, al menos, la siguiente informaci\u00f3n: nombre y domicilio; documento que acredite su identidad o, en su caso, su representaci\u00f3n legal; descripci\u00f3n clara y precisa de los datos personales cuyo uso desea revocar; la manifestaci\u00f3n expresa para revocar su consentimiento y suspender el tratamiento de sus datos y, finalmente, alg\u00fan elemento adicional que ayude a la localizaci\u00f3n de su informaci\u00f3n. Podr\u00e1 presentarla f\u00edsicamente en Pedro Luis Ogaz\u00f3n 102, col. Guadalupe Inn, del. \u00c1lvaro Obreg\u00f3n C.P. 1020, o enviarla v\u00eda electr\u00f3nica a contacto@grupohunan.com.<\/p><p>Para ejercitar sus derechos de acceso, rectificaci\u00f3n, cancelaci\u00f3n u oposici\u00f3n, tal y como se indica en los cap\u00edtulos III y IV de la ley (especialmente en los art\u00edculos 28 a 34), deber\u00e1 enviar una solicitud por escrito a la direcci\u00f3n o correo electr\u00f3nico indicado en el p\u00e1rrafo anterior. Dicho escrito deber\u00e1 contener, al menos: nombre y direcci\u00f3n, documento acreditativo de la identidad del solicitante o de su representante legal, la manifestaci\u00f3n expresa de los derechos que desea ejercitar sobre el tratamiento de sus datos personales y cualquier otro elemento que facilite su localizaci\u00f3n. Para continuar con el tr\u00e1mite, le enviaremos un formulario que deber\u00e1 ser debidamente cumplimentado para que podamos proporcionarle el folio correspondiente, el cual solicitar\u00e1 por correo electr\u00f3nico o a trav\u00e9s de la opci\u00f3n de contacto de nuestra p\u00e1gina web, www.grupohunan.com.<\/p><p>En ning\u00fan caso Grupo Hunan har\u00e1 otro uso de los datos personales de sus clientes distintos a los referidos o la cesi\u00f3n a terceros de los mismos, salvo consentimiento expreso del titular y las excepciones previstas en el art\u00edculo 37 de la ley.<\/p>\t\t\t\t\t\t\t\t<\/div>\n\t\t\t\t<\/div>\n\t\t\t\t\t<\/div>\n\t\t\t\t<\/div>\n\t\t\t\t<\/div>","protected":false},"excerpt":{"rendered":"<p>Privacy Policy In accordance with the provisions of the current Federal Law on Protection of Personal Data Held by Private Parties (LFPDPPP) and the guidelines set forth in Article 16 of the same, GH Operaci\u00f3n de restaurantes, located at Pedro Luis Ogaz\u00f3n 102, col. \u00c1lvaro Obreg\u00f3n C.P. 1020, makes available this privacy notice in which [&hellip;]<\/p>\n","protected":false},"author":1,"featured_media":0,"parent":0,"menu_order":0,"comment_status":"closed","ping_status":"open","template":"","meta":{"_monsterinsights_skip_tracking":false,"_monsterinsights_sitenote_active":false,"_monsterinsights_sitenote_note":"","_monsterinsights_sitenote_category":0,"footnotes":""},"class_list":["post-3","page","type-page","status-publish","hentry"],"aioseo_notices":[],"_links":{"self":[{"href":"https:\/\/www.shop.grupohunan.com\/es\/wp-json\/wp\/v2\/pages\/3","targetHints":{"allow":["GET"]}}],"collection":[{"href":"https:\/\/www.shop.grupohunan.com\/es\/wp-json\/wp\/v2\/pages"}],"about":[{"href":"https:\/\/www.shop.grupohunan.com\/es\/wp-json\/wp\/v2\/types\/page"}],"author":[{"embeddable":true,"href":"https:\/\/www.shop.grupohunan.com\/es\/wp-json\/wp\/v2\/users\/1"}],"replies":[{"embeddable":true,"href":"https:\/\/www.shop.grupohunan.com\/es\/wp-json\/wp\/v2\/comments?post=3"}],"version-history":[{"count":24,"href":"https:\/\/www.shop.grupohunan.com\/es\/wp-json\/wp\/v2\/pages\/3\/revisions"}],"predecessor-version":[{"id":718,"href":"https:\/\/www.shop.grupohunan.com\/es\/wp-json\/wp\/v2\/pages\/3\/revisions\/718"}],"wp:attachment":[{"href":"https:\/\/www.shop.grupohunan.com\/es\/wp-json\/wp\/v2\/media?parent=3"}],"curies":[{"name":"wp","href":"https:\/\/api.w.org\/{rel}","templated":true}]}}