{"id":128,"date":"2023-04-24T23:18:29","date_gmt":"2023-04-24T23:18:29","guid":{"rendered":"https:\/\/www.shop.grupohunan.com\/?page_id=128"},"modified":"2023-05-16T19:12:43","modified_gmt":"2023-05-16T19:12:43","slug":"nuestra-historia","status":"publish","type":"page","link":"https:\/\/www.shop.grupohunan.com\/es\/nuestra-historia\/","title":{"rendered":"Nuestra Historia"},"content":{"rendered":"<div data-elementor-type=\"wp-page\" data-elementor-id=\"128\" class=\"elementor elementor-128\" data-elementor-post-type=\"page\">\n\t\t\t\t<div class=\"elementor-element elementor-element-1772d3d e-flex e-con-boxed e-con e-parent\" data-id=\"1772d3d\" data-element_type=\"container\" data-e-type=\"container\" data-settings=\"{&quot;background_background&quot;:&quot;classic&quot;}\">\n\t\t\t\t\t<div class=\"e-con-inner\">\n\t\t\t\t<div class=\"elementor-element elementor-element-e9a400c elementor-widget elementor-widget-heading\" data-id=\"e9a400c\" data-element_type=\"widget\" data-e-type=\"widget\" data-widget_type=\"heading.default\">\n\t\t\t\t<div class=\"elementor-widget-container\">\n\t\t\t\t\t<h2 class=\"elementor-heading-title elementor-size-default\">Nuestra Historia<\/h2>\t\t\t\t<\/div>\n\t\t\t\t<\/div>\n\t\t\t\t\t<\/div>\n\t\t\t\t<\/div>\n\t\t<div class=\"elementor-element elementor-element-53742e8 e-flex e-con-boxed e-con e-parent\" data-id=\"53742e8\" data-element_type=\"container\" data-e-type=\"container\">\n\t\t\t\t\t<div class=\"e-con-inner\">\n\t\t<div class=\"elementor-element elementor-element-3eb1d15 e-con-full e-flex e-con e-parent\" data-id=\"3eb1d15\" data-element_type=\"container\" data-e-type=\"container\">\n\t\t\t\t<div class=\"elementor-element elementor-element-8115702 elementor-widget elementor-widget-text-editor\" data-id=\"8115702\" data-element_type=\"widget\" data-e-type=\"widget\" data-widget_type=\"text-editor.default\">\n\t\t\t\t<div class=\"elementor-widget-container\">\n\t\t\t\t\t\t\t\t\t<p>Empezamos en 1993 haciendo de la comida china una experiencia de mantel largo, con Hunan, y hoy contamos con m\u00e1s de 20 restaurantes en M\u00e9xico: Ciudad de M\u00e9xico, Guadalajara y Cabo San Lucas; y pr\u00f3ximamente abriremos en Estados Unidos, gracias a la dedicaci\u00f3n de nuestro fundador, socios y colaboradores.<\/p>\t\t\t\t\t\t\t\t<\/div>\n\t\t\t\t<\/div>\n\t\t\t\t<\/div>\n\t\t<div class=\"elementor-element elementor-element-2a2ced5 e-con-full e-flex e-con e-parent\" data-id=\"2a2ced5\" data-element_type=\"container\" data-e-type=\"container\">\n\t\t\t\t<div class=\"elementor-element elementor-element-b510107 elementor-widget elementor-widget-text-editor\" data-id=\"b510107\" data-element_type=\"widget\" data-e-type=\"widget\" data-widget_type=\"text-editor.default\">\n\t\t\t\t<div class=\"elementor-widget-container\">\n\t\t\t\t\t\t\t\t\t<p>En Grupo Hunan creamos estados de \u00e1nimo a trav\u00e9s de restaurantes \u00fanicos y platillos cocinados con la imaginaci\u00f3n y pasi\u00f3n de un equipo de profesionales que har\u00e1n de tu estancia una experiencia inolvidable.<\/p>\t\t\t\t\t\t\t\t<\/div>\n\t\t\t\t<\/div>\n\t\t\t\t<\/div>\n\t\t\t\t\t<\/div>\n\t\t\t\t<\/div>\n\t\t<div class=\"elementor-element elementor-element-73aa78d e-flex e-con-boxed e-con e-parent\" data-id=\"73aa78d\" data-element_type=\"container\" data-e-type=\"container\">\n\t\t\t\t\t<div class=\"e-con-inner\">\n\t\t\t\t<div class=\"elementor-element elementor-element-258a819 elementor-widget elementor-widget-image\" data-id=\"258a819\" data-element_type=\"widget\" data-e-type=\"widget\" data-widget_type=\"image.default\">\n\t\t\t\t<div class=\"elementor-widget-container\">\n\t\t\t\t\t\t\t\t\t\t\t\t\t\t\t<img fetchpriority=\"high\" decoding=\"async\" width=\"980\" height=\"563\" src=\"https:\/\/www.shop.grupohunan.com\/wp-content\/uploads\/2023\/05\/historia-1024x588.jpg\" class=\"attachment-large size-large wp-image-189\" alt=\"\" srcset=\"https:\/\/www.shop.grupohunan.com\/wp-content\/uploads\/2023\/05\/historia-1024x588.jpg 1024w, https:\/\/www.shop.grupohunan.com\/wp-content\/uploads\/2023\/05\/historia-300x172.jpg 300w, https:\/\/www.shop.grupohunan.com\/wp-content\/uploads\/2023\/05\/historia-768x441.jpg 768w, https:\/\/www.shop.grupohunan.com\/wp-content\/uploads\/2023\/05\/historia-416x239.jpg 416w, https:\/\/www.shop.grupohunan.com\/wp-content\/uploads\/2023\/05\/historia.jpg 1300w\" sizes=\"(max-width: 980px) 100vw, 980px\" \/>\t\t\t\t\t\t\t\t\t\t\t\t\t\t\t<\/div>\n\t\t\t\t<\/div>\n\t\t\t\t\t<\/div>\n\t\t\t\t<\/div>\n\t\t<div class=\"elementor-element elementor-element-b861a56 e-flex e-con-boxed e-con e-parent\" data-id=\"b861a56\" data-element_type=\"container\" data-e-type=\"container\">\n\t\t\t\t\t<div class=\"e-con-inner\">\n\t\t<div class=\"elementor-element elementor-element-cc8cffc e-con-full e-flex e-con e-parent\" data-id=\"cc8cffc\" data-element_type=\"container\" data-e-type=\"container\">\n\t\t\t\t<div class=\"elementor-element elementor-element-2121361 elementor-widget elementor-widget-heading\" data-id=\"2121361\" data-element_type=\"widget\" data-e-type=\"widget\" data-widget_type=\"heading.default\">\n\t\t\t\t<div class=\"elementor-widget-container\">\n\t\t\t\t\t<h2 class=\"elementor-heading-title elementor-size-default\">Experiencia Culinaria<\/h2>\t\t\t\t<\/div>\n\t\t\t\t<\/div>\n\t\t\t\t<\/div>\n\t\t<div class=\"elementor-element elementor-element-bef5bea e-con-full e-flex e-con e-parent\" data-id=\"bef5bea\" data-element_type=\"container\" data-e-type=\"container\">\n\t\t\t\t<div class=\"elementor-element elementor-element-fc7c2bb elementor-widget elementor-widget-text-editor\" data-id=\"fc7c2bb\" data-element_type=\"widget\" data-e-type=\"widget\" data-widget_type=\"text-editor.default\">\n\t\t\t\t<div class=\"elementor-widget-container\">\n\t\t\t\t\t\t\t\t\t<p>Nuestro prop\u00f3sito es crear experiencias inolvidables que celebren la diversidad de nuestros platillos, los cuales son cocinados con la imaginaci\u00f3n y pasi\u00f3n de un equipo que te ir\u00e1 guiando para hacer tu experiencia m\u00e1s divertida.<\/p>\t\t\t\t\t\t\t\t<\/div>\n\t\t\t\t<\/div>\n\t\t\t\t<\/div>\n\t\t\t\t\t<\/div>\n\t\t\t\t<\/div>\n\t\t<div class=\"elementor-element elementor-element-5bc3187 e-flex e-con-boxed e-con e-parent\" data-id=\"5bc3187\" data-element_type=\"container\" data-e-type=\"container\">\n\t\t\t\t\t<div class=\"e-con-inner\">\n\t\t<div class=\"elementor-element elementor-element-6fed708 e-con-full e-flex e-con e-parent\" data-id=\"6fed708\" data-element_type=\"container\" data-e-type=\"container\">\n\t\t\t\t<div class=\"elementor-element elementor-element-4fb4c98 elementor-widget elementor-widget-heading\" data-id=\"4fb4c98\" data-element_type=\"widget\" data-e-type=\"widget\" data-widget_type=\"heading.default\">\n\t\t\t\t<div class=\"elementor-widget-container\">\n\t\t\t\t\t<h2 class=\"elementor-heading-title elementor-size-default\">Hoy Somos<\/h2>\t\t\t\t<\/div>\n\t\t\t\t<\/div>\n\t\t\t\t<\/div>\n\t\t<div class=\"elementor-element elementor-element-26c2899 e-con-full e-flex e-con e-parent\" data-id=\"26c2899\" data-element_type=\"container\" data-e-type=\"container\">\n\t\t\t\t<div class=\"elementor-element elementor-element-5e85961 elementor-widget elementor-widget-counter\" data-id=\"5e85961\" data-element_type=\"widget\" data-e-type=\"widget\" data-widget_type=\"counter.default\">\n\t\t\t\t<div class=\"elementor-widget-container\">\n\t\t\t\t\t\t\t<div class=\"elementor-counter\">\n\t\t\t<div class=\"elementor-counter-title\">N\u00famero Genial<\/div>\t\t\t<div class=\"elementor-counter-number-wrapper\">\n\t\t\t\t<span class=\"elementor-counter-number-prefix\"><\/span>\n\t\t\t\t<span class=\"elementor-counter-number\" data-duration=\"2000\" data-to-value=\"15\" data-from-value=\"0\" data-delimiter=\",\">0<\/span>\n\t\t\t\t<span class=\"elementor-counter-number-suffix\"><\/span>\n\t\t\t<\/div>\n\t\t<\/div>\n\t\t\t\t\t\t<\/div>\n\t\t\t\t<\/div>\n\t\t\t\t<div class=\"elementor-element elementor-element-25b5079 elementor-widget elementor-widget-heading\" data-id=\"25b5079\" data-element_type=\"widget\" data-e-type=\"widget\" data-widget_type=\"heading.default\">\n\t\t\t\t<div class=\"elementor-widget-container\">\n\t\t\t\t\t<h2 class=\"elementor-heading-title elementor-size-default\">Marcas<\/h2>\t\t\t\t<\/div>\n\t\t\t\t<\/div>\n\t\t\t\t<\/div>\n\t\t<div class=\"elementor-element elementor-element-4041121 e-con-full e-flex e-con e-parent\" data-id=\"4041121\" data-element_type=\"container\" data-e-type=\"container\">\n\t\t\t\t<div class=\"elementor-element elementor-element-7ecf594 elementor-widget elementor-widget-counter\" data-id=\"7ecf594\" data-element_type=\"widget\" data-e-type=\"widget\" data-widget_type=\"counter.default\">\n\t\t\t\t<div class=\"elementor-widget-container\">\n\t\t\t\t\t\t\t<div class=\"elementor-counter\">\n\t\t\t<div class=\"elementor-counter-title\">N\u00famero Genial<\/div>\t\t\t<div class=\"elementor-counter-number-wrapper\">\n\t\t\t\t<span class=\"elementor-counter-number-prefix\"><\/span>\n\t\t\t\t<span class=\"elementor-counter-number\" data-duration=\"2000\" data-to-value=\"29\" data-from-value=\"0\" data-delimiter=\",\">0<\/span>\n\t\t\t\t<span class=\"elementor-counter-number-suffix\"><\/span>\n\t\t\t<\/div>\n\t\t<\/div>\n\t\t\t\t\t\t<\/div>\n\t\t\t\t<\/div>\n\t\t\t\t<div class=\"elementor-element elementor-element-b5e02a7 elementor-widget elementor-widget-heading\" data-id=\"b5e02a7\" data-element_type=\"widget\" data-e-type=\"widget\" data-widget_type=\"heading.default\">\n\t\t\t\t<div class=\"elementor-widget-container\">\n\t\t\t\t\t<h2 class=\"elementor-heading-title elementor-size-default\">Sucursales<\/h2>\t\t\t\t<\/div>\n\t\t\t\t<\/div>\n\t\t\t\t<\/div>\n\t\t\t\t\t<\/div>\n\t\t\t\t<\/div>\n\t\t<div class=\"elementor-element elementor-element-1165df8 e-flex e-con-boxed e-con e-parent\" data-id=\"1165df8\" data-element_type=\"container\" data-e-type=\"container\">\n\t\t\t\t\t<div class=\"e-con-inner\">\n\t\t<div class=\"elementor-element elementor-element-ad7e181 e-flex e-con-boxed e-con e-parent\" data-id=\"ad7e181\" data-element_type=\"container\" data-e-type=\"container\" data-settings=\"{&quot;background_background&quot;:&quot;classic&quot;,&quot;position&quot;:&quot;absolute&quot;}\">\n\t\t\t\t\t<div class=\"e-con-inner\">\n\t\t\t\t\t<\/div>\n\t\t\t\t<\/div>\n\t\t\t\t\t<\/div>\n\t\t\t\t<\/div>\n\t\t\t\t<\/div>","protected":false},"excerpt":{"rendered":"<p>Nuestra Historia Empezamos en 1993 haciendo de la comida china una experiencia de mantel largo, con Hunan, y hoy contamos con m\u00e1s de 20 restaurantes en M\u00e9xico: Ciudad de M\u00e9xico, Guadalajara y Cabo San Lucas; y pr\u00f3ximamente abriremos en Estados Unidos, gracias a la dedicaci\u00f3n de nuestro fundador, socios y colaboradores. En Grupo Hunan creamos [&hellip;]<\/p>\n","protected":false},"author":1,"featured_media":0,"parent":0,"menu_order":0,"comment_status":"closed","ping_status":"closed","template":"","meta":{"_monsterinsights_skip_tracking":false,"_monsterinsights_sitenote_active":false,"_monsterinsights_sitenote_note":"","_monsterinsights_sitenote_category":0,"footnotes":""},"class_list":["post-128","page","type-page","status-publish","hentry"],"aioseo_notices":[],"_links":{"self":[{"href":"https:\/\/www.shop.grupohunan.com\/es\/wp-json\/wp\/v2\/pages\/128","targetHints":{"allow":["GET"]}}],"collection":[{"href":"https:\/\/www.shop.grupohunan.com\/es\/wp-json\/wp\/v2\/pages"}],"about":[{"href":"https:\/\/www.shop.grupohunan.com\/es\/wp-json\/wp\/v2\/types\/page"}],"author":[{"embeddable":true,"href":"https:\/\/www.shop.grupohunan.com\/es\/wp-json\/wp\/v2\/users\/1"}],"replies":[{"embeddable":true,"href":"https:\/\/www.shop.grupohunan.com\/es\/wp-json\/wp\/v2\/comments?post=128"}],"version-history":[{"count":20,"href":"https:\/\/www.shop.grupohunan.com\/es\/wp-json\/wp\/v2\/pages\/128\/revisions"}],"predecessor-version":[{"id":376,"href":"https:\/\/www.shop.grupohunan.com\/es\/wp-json\/wp\/v2\/pages\/128\/revisions\/376"}],"wp:attachment":[{"href":"https:\/\/www.shop.grupohunan.com\/es\/wp-json\/wp\/v2\/media?parent=128"}],"curies":[{"name":"wp","href":"https:\/\/api.w.org\/{rel}","templated":true}]}}